{"id":1034,"date":"2023-12-13T20:48:47","date_gmt":"2023-12-13T19:48:47","guid":{"rendered":"https:\/\/copavisa.com\/index.php\/producto\/porta-clip-acco-acrilico-humo\/"},"modified":"2026-04-22T14:19:35","modified_gmt":"2026-04-22T20:19:35","slug":"porta-clip-acco-acrilico-humo","status":"publish","type":"product","link":"https:\/\/copavisa.com\/index.php\/producto\/porta-clip-acco-acrilico-humo\/","title":{"rendered":"PORTA CLIP ACCO ACR\u00cdLICO HUMO"},"content":{"rendered":"","protected":false},"excerpt":{"rendered":"<p>PORTA CLIP ACCO ACR\u00cdLICO HUMO CON IM\u00c1N<\/p>\n","protected":false},"featured_media":952,"comment_status":"open","ping_status":"closed","template":"","meta":[],"pwb-brand":[26],"product_brand":[],"product_cat":[136],"product_tag":[],"class_list":{"0":"post-1034","1":"product","2":"type-product","3":"status-publish","4":"has-post-thumbnail","6":"pwb-brand-acco","7":"product_cat-clips","9":"first","10":"instock","11":"shipping-taxable","12":"product-type-simple"},"brands":[{"id":26,"name":"ACCO","slug":"acco"}],"_links":{"self":[{"href":"https:\/\/copavisa.com\/index.php\/wp-json\/wp\/v2\/product\/1034","targetHints":{"allow":["GET"]}}],"collection":[{"href":"https:\/\/copavisa.com\/index.php\/wp-json\/wp\/v2\/product"}],"about":[{"href":"https:\/\/copavisa.com\/index.php\/wp-json\/wp\/v2\/types\/product"}],"replies":[{"embeddable":true,"href":"https:\/\/copavisa.com\/index.php\/wp-json\/wp\/v2\/comments?post=1034"}],"wp:featuredmedia":[{"embeddable":true,"href":"https:\/\/copavisa.com\/index.php\/wp-json\/wp\/v2\/media\/952"}],"wp:attachment":[{"href":"https:\/\/copavisa.com\/index.php\/wp-json\/wp\/v2\/media?parent=1034"}],"wp:term":[{"taxonomy":"pwb-brand","embeddable":true,"href":"https:\/\/copavisa.com\/index.php\/wp-json\/wp\/v2\/pwb-brand?post=1034"},{"taxonomy":"product_brand","embeddable":true,"href":"https:\/\/copavisa.com\/index.php\/wp-json\/wp\/v2\/product_brand?post=1034"},{"taxonomy":"product_cat","embeddable":true,"href":"https:\/\/copavisa.com\/index.php\/wp-json\/wp\/v2\/product_cat?post=1034"},{"taxonomy":"product_tag","embeddable":true,"href":"https:\/\/copavisa.com\/index.php\/wp-json\/wp\/v2\/product_tag?post=1034"}],"curies":[{"name":"wp","href":"https:\/\/api.w.org\/{rel}","templated":true}]}}