{"id":1064,"date":"2023-12-13T20:48:50","date_gmt":"2023-12-13T19:48:50","guid":{"rendered":"https:\/\/copavisa.com\/index.php\/producto\/sobre-translucido-media-carta-con-cordon\/"},"modified":"2026-04-28T11:26:23","modified_gmt":"2026-04-28T17:26:23","slug":"sobre-translucido-media-carta-con-cordon","status":"publish","type":"product","link":"https:\/\/copavisa.com\/index.php\/producto\/sobre-translucido-media-carta-con-cordon\/","title":{"rendered":"SOBRE TRANSL\u00daCIDO MEDIA CARTA CON CORD\u00d3N"},"content":{"rendered":"","protected":false},"excerpt":{"rendered":"<p>SOBRE TRANSL\u00daCIDO ACCO MEDIA CARTA CON CORD\u00d3N<\/p>\n","protected":false},"featured_media":789,"comment_status":"open","ping_status":"closed","template":"","meta":[],"pwb-brand":[26],"product_brand":[],"product_cat":[90],"product_tag":[],"class_list":{"0":"post-1064","1":"product","2":"type-product","3":"status-publish","4":"has-post-thumbnail","6":"pwb-brand-acco","7":"product_cat-folders-y-carpetas","9":"first","10":"instock","11":"shipping-taxable","12":"product-type-simple"},"brands":[{"id":26,"name":"ACCO","slug":"acco"}],"_links":{"self":[{"href":"https:\/\/copavisa.com\/index.php\/wp-json\/wp\/v2\/product\/1064","targetHints":{"allow":["GET"]}}],"collection":[{"href":"https:\/\/copavisa.com\/index.php\/wp-json\/wp\/v2\/product"}],"about":[{"href":"https:\/\/copavisa.com\/index.php\/wp-json\/wp\/v2\/types\/product"}],"replies":[{"embeddable":true,"href":"https:\/\/copavisa.com\/index.php\/wp-json\/wp\/v2\/comments?post=1064"}],"wp:featuredmedia":[{"embeddable":true,"href":"https:\/\/copavisa.com\/index.php\/wp-json\/wp\/v2\/media\/789"}],"wp:attachment":[{"href":"https:\/\/copavisa.com\/index.php\/wp-json\/wp\/v2\/media?parent=1064"}],"wp:term":[{"taxonomy":"pwb-brand","embeddable":true,"href":"https:\/\/copavisa.com\/index.php\/wp-json\/wp\/v2\/pwb-brand?post=1064"},{"taxonomy":"product_brand","embeddable":true,"href":"https:\/\/copavisa.com\/index.php\/wp-json\/wp\/v2\/product_brand?post=1064"},{"taxonomy":"product_cat","embeddable":true,"href":"https:\/\/copavisa.com\/index.php\/wp-json\/wp\/v2\/product_cat?post=1064"},{"taxonomy":"product_tag","embeddable":true,"href":"https:\/\/copavisa.com\/index.php\/wp-json\/wp\/v2\/product_tag?post=1064"}],"curies":[{"name":"wp","href":"https:\/\/api.w.org\/{rel}","templated":true}]}}