{"id":11356,"date":"2026-02-12T17:19:15","date_gmt":"2026-02-12T23:19:15","guid":{"rendered":"https:\/\/copavisa.com\/index.php\/producto\/producto-6\/"},"modified":"2026-04-16T13:59:36","modified_gmt":"2026-04-16T19:59:36","slug":"producto-6","status":"publish","type":"product","link":"https:\/\/copavisa.com\/index.php\/producto\/producto-6\/","title":{"rendered":"ESCAL\u00cdMETRO PL\u00c1STICO"},"content":{"rendered":"","protected":false},"excerpt":{"rendered":"<p>ESCAL\u00cdMETRO DE PL\u00c1STICO BARRILITO DE 6 ESCALAS ES125<\/p>\n","protected":false},"featured_media":9950,"comment_status":"open","ping_status":"closed","template":"","meta":[],"pwb-brand":[344],"product_brand":[],"product_cat":[55],"product_tag":[],"class_list":{"0":"post-11356","1":"product","2":"type-product","3":"status-publish","4":"has-post-thumbnail","6":"pwb-brand-acme","7":"product_cat-reglas-y-escuadras","9":"first","10":"instock","11":"shipping-taxable","12":"product-type-simple"},"brands":[{"id":344,"name":"ACME","slug":"acme"}],"_links":{"self":[{"href":"https:\/\/copavisa.com\/index.php\/wp-json\/wp\/v2\/product\/11356","targetHints":{"allow":["GET"]}}],"collection":[{"href":"https:\/\/copavisa.com\/index.php\/wp-json\/wp\/v2\/product"}],"about":[{"href":"https:\/\/copavisa.com\/index.php\/wp-json\/wp\/v2\/types\/product"}],"replies":[{"embeddable":true,"href":"https:\/\/copavisa.com\/index.php\/wp-json\/wp\/v2\/comments?post=11356"}],"wp:featuredmedia":[{"embeddable":true,"href":"https:\/\/copavisa.com\/index.php\/wp-json\/wp\/v2\/media\/9950"}],"wp:attachment":[{"href":"https:\/\/copavisa.com\/index.php\/wp-json\/wp\/v2\/media?parent=11356"}],"wp:term":[{"taxonomy":"pwb-brand","embeddable":true,"href":"https:\/\/copavisa.com\/index.php\/wp-json\/wp\/v2\/pwb-brand?post=11356"},{"taxonomy":"product_brand","embeddable":true,"href":"https:\/\/copavisa.com\/index.php\/wp-json\/wp\/v2\/product_brand?post=11356"},{"taxonomy":"product_cat","embeddable":true,"href":"https:\/\/copavisa.com\/index.php\/wp-json\/wp\/v2\/product_cat?post=11356"},{"taxonomy":"product_tag","embeddable":true,"href":"https:\/\/copavisa.com\/index.php\/wp-json\/wp\/v2\/product_tag?post=11356"}],"curies":[{"name":"wp","href":"https:\/\/api.w.org\/{rel}","templated":true}]}}