{"id":11369,"date":"2026-02-12T17:19:21","date_gmt":"2026-02-12T23:19:21","guid":{"rendered":"https:\/\/copavisa.com\/index.php\/producto\/producto-19\/"},"modified":"2026-04-15T10:45:51","modified_gmt":"2026-04-15T16:45:51","slug":"producto-19","status":"publish","type":"product","link":"https:\/\/copavisa.com\/index.php\/producto\/producto-19\/","title":{"rendered":"BOL\u00cdGRAFO FINO RETR\u00c1CTIL AZUL"},"content":{"rendered":"","protected":false},"excerpt":{"rendered":"<p>BOL\u00cdGRAFO AZOR PIN POINT FINO RETR\u00c1CTIL AZUL CUERPO AMARILLO 0.7MM C\/12 PIEZAS 6120AZ<\/p>\n","protected":false},"featured_media":9976,"comment_status":"open","ping_status":"closed","template":"","meta":[],"pwb-brand":[96],"product_brand":[],"product_cat":[28],"product_tag":[],"class_list":{"0":"post-11369","1":"product","2":"type-product","3":"status-publish","4":"has-post-thumbnail","6":"pwb-brand-azor","7":"product_cat-boligrafos","9":"first","10":"instock","11":"shipping-taxable","12":"product-type-simple"},"brands":[{"id":96,"name":"AZOR","slug":"azor"}],"_links":{"self":[{"href":"https:\/\/copavisa.com\/index.php\/wp-json\/wp\/v2\/product\/11369","targetHints":{"allow":["GET"]}}],"collection":[{"href":"https:\/\/copavisa.com\/index.php\/wp-json\/wp\/v2\/product"}],"about":[{"href":"https:\/\/copavisa.com\/index.php\/wp-json\/wp\/v2\/types\/product"}],"replies":[{"embeddable":true,"href":"https:\/\/copavisa.com\/index.php\/wp-json\/wp\/v2\/comments?post=11369"}],"wp:featuredmedia":[{"embeddable":true,"href":"https:\/\/copavisa.com\/index.php\/wp-json\/wp\/v2\/media\/9976"}],"wp:attachment":[{"href":"https:\/\/copavisa.com\/index.php\/wp-json\/wp\/v2\/media?parent=11369"}],"wp:term":[{"taxonomy":"pwb-brand","embeddable":true,"href":"https:\/\/copavisa.com\/index.php\/wp-json\/wp\/v2\/pwb-brand?post=11369"},{"taxonomy":"product_brand","embeddable":true,"href":"https:\/\/copavisa.com\/index.php\/wp-json\/wp\/v2\/product_brand?post=11369"},{"taxonomy":"product_cat","embeddable":true,"href":"https:\/\/copavisa.com\/index.php\/wp-json\/wp\/v2\/product_cat?post=11369"},{"taxonomy":"product_tag","embeddable":true,"href":"https:\/\/copavisa.com\/index.php\/wp-json\/wp\/v2\/product_tag?post=11369"}],"curies":[{"name":"wp","href":"https:\/\/api.w.org\/{rel}","templated":true}]}}