{"id":11472,"date":"2026-02-12T17:20:13","date_gmt":"2026-02-12T23:20:13","guid":{"rendered":"https:\/\/copavisa.com\/index.php\/producto\/producto-122\/"},"modified":"2026-04-16T15:11:30","modified_gmt":"2026-04-16T21:11:30","slug":"producto-122","status":"publish","type":"product","link":"https:\/\/copavisa.com\/index.php\/producto\/producto-122\/","title":{"rendered":"EQUIPO GEOM\u00c9TRICO 5 PIEZAS"},"content":{"rendered":"","protected":false},"excerpt":{"rendered":"<p>EQUIPO GEOMETRICO DELTA DEL65 C\/5 PIEZAS (REGLA 30 CM, COMP\u00c1S DE PRECISI\u00d3N MET\u00c1LICO DE BRAZO CORTO, ESCUADRAS DE 45 Y 60 GRADOS, TRANSPORTADOR 11 CM)<\/p>\n","protected":false},"featured_media":10182,"comment_status":"open","ping_status":"closed","template":"","meta":[],"pwb-brand":[347],"product_brand":[],"product_cat":[49],"product_tag":[],"class_list":{"0":"post-11472","1":"product","2":"type-product","3":"status-publish","4":"has-post-thumbnail","6":"pwb-brand-delta","7":"product_cat-equipos-de-geometria","9":"first","10":"instock","11":"shipping-taxable","12":"product-type-simple"},"brands":[{"id":347,"name":"DELTA","slug":"delta"}],"_links":{"self":[{"href":"https:\/\/copavisa.com\/index.php\/wp-json\/wp\/v2\/product\/11472","targetHints":{"allow":["GET"]}}],"collection":[{"href":"https:\/\/copavisa.com\/index.php\/wp-json\/wp\/v2\/product"}],"about":[{"href":"https:\/\/copavisa.com\/index.php\/wp-json\/wp\/v2\/types\/product"}],"replies":[{"embeddable":true,"href":"https:\/\/copavisa.com\/index.php\/wp-json\/wp\/v2\/comments?post=11472"}],"wp:featuredmedia":[{"embeddable":true,"href":"https:\/\/copavisa.com\/index.php\/wp-json\/wp\/v2\/media\/10182"}],"wp:attachment":[{"href":"https:\/\/copavisa.com\/index.php\/wp-json\/wp\/v2\/media?parent=11472"}],"wp:term":[{"taxonomy":"pwb-brand","embeddable":true,"href":"https:\/\/copavisa.com\/index.php\/wp-json\/wp\/v2\/pwb-brand?post=11472"},{"taxonomy":"product_brand","embeddable":true,"href":"https:\/\/copavisa.com\/index.php\/wp-json\/wp\/v2\/product_brand?post=11472"},{"taxonomy":"product_cat","embeddable":true,"href":"https:\/\/copavisa.com\/index.php\/wp-json\/wp\/v2\/product_cat?post=11472"},{"taxonomy":"product_tag","embeddable":true,"href":"https:\/\/copavisa.com\/index.php\/wp-json\/wp\/v2\/product_tag?post=11472"}],"curies":[{"name":"wp","href":"https:\/\/api.w.org\/{rel}","templated":true}]}}