{"id":11678,"date":"2026-02-12T17:22:05","date_gmt":"2026-02-12T23:22:05","guid":{"rendered":"https:\/\/copavisa.com\/index.php\/producto\/producto-328\/"},"modified":"2026-04-15T10:37:00","modified_gmt":"2026-04-15T16:37:00","slug":"producto-328","status":"publish","type":"product","link":"https:\/\/copavisa.com\/index.php\/producto\/producto-328\/","title":{"rendered":"BOL\u00cdGRAFO KILOM\u00c9TRICO 100 ST"},"content":{"rendered":"","protected":false},"excerpt":{"rendered":"<p>BOL\u00cdGRAFO KILOM\u00c9TRICO 100 ST AZUL PAPER MATE 1.0 MM C\/12 PIEZAS LA3531<\/p>\n","protected":false},"featured_media":10594,"comment_status":"open","ping_status":"closed","template":"","meta":[],"pwb-brand":[251],"product_brand":[],"product_cat":[28],"product_tag":[],"class_list":{"0":"post-11678","1":"product","2":"type-product","3":"status-publish","4":"has-post-thumbnail","6":"pwb-brand-paper-mate","7":"product_cat-boligrafos","9":"first","10":"instock","11":"shipping-taxable","12":"product-type-simple"},"brands":[{"id":251,"name":"PAPER MATE","slug":"paper-mate"}],"_links":{"self":[{"href":"https:\/\/copavisa.com\/index.php\/wp-json\/wp\/v2\/product\/11678","targetHints":{"allow":["GET"]}}],"collection":[{"href":"https:\/\/copavisa.com\/index.php\/wp-json\/wp\/v2\/product"}],"about":[{"href":"https:\/\/copavisa.com\/index.php\/wp-json\/wp\/v2\/types\/product"}],"replies":[{"embeddable":true,"href":"https:\/\/copavisa.com\/index.php\/wp-json\/wp\/v2\/comments?post=11678"}],"wp:featuredmedia":[{"embeddable":true,"href":"https:\/\/copavisa.com\/index.php\/wp-json\/wp\/v2\/media\/10594"}],"wp:attachment":[{"href":"https:\/\/copavisa.com\/index.php\/wp-json\/wp\/v2\/media?parent=11678"}],"wp:term":[{"taxonomy":"pwb-brand","embeddable":true,"href":"https:\/\/copavisa.com\/index.php\/wp-json\/wp\/v2\/pwb-brand?post=11678"},{"taxonomy":"product_brand","embeddable":true,"href":"https:\/\/copavisa.com\/index.php\/wp-json\/wp\/v2\/product_brand?post=11678"},{"taxonomy":"product_cat","embeddable":true,"href":"https:\/\/copavisa.com\/index.php\/wp-json\/wp\/v2\/product_cat?post=11678"},{"taxonomy":"product_tag","embeddable":true,"href":"https:\/\/copavisa.com\/index.php\/wp-json\/wp\/v2\/product_tag?post=11678"}],"curies":[{"name":"wp","href":"https:\/\/api.w.org\/{rel}","templated":true}]}}