{"id":1710,"date":"2023-12-14T16:57:33","date_gmt":"2023-12-14T15:57:33","guid":{"rendered":"https:\/\/copavisa.com\/index.php\/producto\/gafete-sablon-6-x-9cms-con-caiman\/"},"modified":"2026-04-28T10:01:17","modified_gmt":"2026-04-28T16:01:17","slug":"gafete-sablon-6-x-9cms-con-caiman","status":"publish","type":"product","link":"https:\/\/copavisa.com\/index.php\/producto\/gafete-sablon-6-x-9cms-con-caiman\/","title":{"rendered":"GAFETE SABL\u00d3N 6 X 9 CM CON CAIM\u00c1N"},"content":{"rendered":"","protected":false},"excerpt":{"rendered":"<p>GAFETE SABL\u00d3N CON CAIM\u00c1N 6 X 9 CM (1041)<\/p>\n","protected":false},"featured_media":1522,"comment_status":"open","ping_status":"closed","template":"","meta":[],"pwb-brand":[96],"product_brand":[],"product_cat":[114],"product_tag":[],"class_list":{"0":"post-1710","1":"product","2":"type-product","3":"status-publish","4":"has-post-thumbnail","6":"pwb-brand-azor","7":"product_cat-gafetes","9":"first","10":"instock","11":"shipping-taxable","12":"product-type-simple"},"brands":[{"id":96,"name":"AZOR","slug":"azor"}],"_links":{"self":[{"href":"https:\/\/copavisa.com\/index.php\/wp-json\/wp\/v2\/product\/1710","targetHints":{"allow":["GET"]}}],"collection":[{"href":"https:\/\/copavisa.com\/index.php\/wp-json\/wp\/v2\/product"}],"about":[{"href":"https:\/\/copavisa.com\/index.php\/wp-json\/wp\/v2\/types\/product"}],"replies":[{"embeddable":true,"href":"https:\/\/copavisa.com\/index.php\/wp-json\/wp\/v2\/comments?post=1710"}],"wp:featuredmedia":[{"embeddable":true,"href":"https:\/\/copavisa.com\/index.php\/wp-json\/wp\/v2\/media\/1522"}],"wp:attachment":[{"href":"https:\/\/copavisa.com\/index.php\/wp-json\/wp\/v2\/media?parent=1710"}],"wp:term":[{"taxonomy":"pwb-brand","embeddable":true,"href":"https:\/\/copavisa.com\/index.php\/wp-json\/wp\/v2\/pwb-brand?post=1710"},{"taxonomy":"product_brand","embeddable":true,"href":"https:\/\/copavisa.com\/index.php\/wp-json\/wp\/v2\/product_brand?post=1710"},{"taxonomy":"product_cat","embeddable":true,"href":"https:\/\/copavisa.com\/index.php\/wp-json\/wp\/v2\/product_cat?post=1710"},{"taxonomy":"product_tag","embeddable":true,"href":"https:\/\/copavisa.com\/index.php\/wp-json\/wp\/v2\/product_tag?post=1710"}],"curies":[{"name":"wp","href":"https:\/\/api.w.org\/{rel}","templated":true}]}}