{"id":1943,"date":"2023-12-14T18:57:38","date_gmt":"2023-12-14T17:57:38","guid":{"rendered":"https:\/\/copavisa.com\/index.php\/producto\/compas-baco-escolar-103-c-plastico\/"},"modified":"2026-04-16T15:30:28","modified_gmt":"2026-04-16T21:30:28","slug":"compas-baco-escolar-103-c-plastico","status":"publish","type":"product","link":"https:\/\/copavisa.com\/index.php\/producto\/compas-baco-escolar-103-c-plastico\/","title":{"rendered":"COMP\u00c1S BACO ESCOLAR 103-C PL\u00c1STICO"},"content":{"rendered":"","protected":false},"excerpt":{"rendered":"<p>COMP\u00c1S BACO ESCOLAR DE PL\u00c1STICO 103-C<\/p>\n","protected":false},"featured_media":1925,"comment_status":"open","ping_status":"closed","template":"","meta":[],"pwb-brand":[138],"product_brand":[],"product_cat":[137],"product_tag":[],"class_list":{"0":"post-1943","1":"product","2":"type-product","3":"status-publish","4":"has-post-thumbnail","6":"pwb-brand-baco","7":"product_cat-compas","9":"first","10":"instock","11":"shipping-taxable","12":"product-type-simple"},"brands":[{"id":138,"name":"BACO","slug":"baco"}],"_links":{"self":[{"href":"https:\/\/copavisa.com\/index.php\/wp-json\/wp\/v2\/product\/1943","targetHints":{"allow":["GET"]}}],"collection":[{"href":"https:\/\/copavisa.com\/index.php\/wp-json\/wp\/v2\/product"}],"about":[{"href":"https:\/\/copavisa.com\/index.php\/wp-json\/wp\/v2\/types\/product"}],"replies":[{"embeddable":true,"href":"https:\/\/copavisa.com\/index.php\/wp-json\/wp\/v2\/comments?post=1943"}],"wp:featuredmedia":[{"embeddable":true,"href":"https:\/\/copavisa.com\/index.php\/wp-json\/wp\/v2\/media\/1925"}],"wp:attachment":[{"href":"https:\/\/copavisa.com\/index.php\/wp-json\/wp\/v2\/media?parent=1943"}],"wp:term":[{"taxonomy":"pwb-brand","embeddable":true,"href":"https:\/\/copavisa.com\/index.php\/wp-json\/wp\/v2\/pwb-brand?post=1943"},{"taxonomy":"product_brand","embeddable":true,"href":"https:\/\/copavisa.com\/index.php\/wp-json\/wp\/v2\/product_brand?post=1943"},{"taxonomy":"product_cat","embeddable":true,"href":"https:\/\/copavisa.com\/index.php\/wp-json\/wp\/v2\/product_cat?post=1943"},{"taxonomy":"product_tag","embeddable":true,"href":"https:\/\/copavisa.com\/index.php\/wp-json\/wp\/v2\/product_tag?post=1943"}],"curies":[{"name":"wp","href":"https:\/\/api.w.org\/{rel}","templated":true}]}}