{"id":3094,"date":"2023-12-15T23:14:30","date_gmt":"2023-12-15T22:14:30","guid":{"rendered":"https:\/\/copavisa.com\/index.php\/producto\/broche-p-gafete-caiman\/"},"modified":"2026-04-28T09:54:43","modified_gmt":"2026-04-28T15:54:43","slug":"broche-p-gafete-caiman","status":"publish","type":"product","link":"https:\/\/copavisa.com\/index.php\/producto\/broche-p-gafete-caiman\/","title":{"rendered":"BROCHE PARA GAFETE CAIM\u00c1N"},"content":{"rendered":"","protected":false},"excerpt":{"rendered":"<p>BROCHE PARA GAFETE JUMBO CAIM\u00c1N MET\u00c1LICO C\/100 PIEZAS PBG1 (BC100J)<\/p>\n","protected":false},"featured_media":3088,"comment_status":"open","ping_status":"closed","template":"","meta":[],"pwb-brand":[170],"product_brand":[],"product_cat":[114],"product_tag":[],"class_list":{"0":"post-3094","1":"product","2":"type-product","3":"status-publish","4":"has-post-thumbnail","6":"pwb-brand-jumbo","7":"product_cat-gafetes","9":"first","10":"instock","11":"shipping-taxable","12":"product-type-simple"},"brands":[{"id":170,"name":"JUMBO","slug":"jumbo"}],"_links":{"self":[{"href":"https:\/\/copavisa.com\/index.php\/wp-json\/wp\/v2\/product\/3094","targetHints":{"allow":["GET"]}}],"collection":[{"href":"https:\/\/copavisa.com\/index.php\/wp-json\/wp\/v2\/product"}],"about":[{"href":"https:\/\/copavisa.com\/index.php\/wp-json\/wp\/v2\/types\/product"}],"replies":[{"embeddable":true,"href":"https:\/\/copavisa.com\/index.php\/wp-json\/wp\/v2\/comments?post=3094"}],"wp:featuredmedia":[{"embeddable":true,"href":"https:\/\/copavisa.com\/index.php\/wp-json\/wp\/v2\/media\/3088"}],"wp:attachment":[{"href":"https:\/\/copavisa.com\/index.php\/wp-json\/wp\/v2\/media?parent=3094"}],"wp:term":[{"taxonomy":"pwb-brand","embeddable":true,"href":"https:\/\/copavisa.com\/index.php\/wp-json\/wp\/v2\/pwb-brand?post=3094"},{"taxonomy":"product_brand","embeddable":true,"href":"https:\/\/copavisa.com\/index.php\/wp-json\/wp\/v2\/product_brand?post=3094"},{"taxonomy":"product_cat","embeddable":true,"href":"https:\/\/copavisa.com\/index.php\/wp-json\/wp\/v2\/product_cat?post=3094"},{"taxonomy":"product_tag","embeddable":true,"href":"https:\/\/copavisa.com\/index.php\/wp-json\/wp\/v2\/product_tag?post=3094"}],"curies":[{"name":"wp","href":"https:\/\/api.w.org\/{rel}","templated":true}]}}