{"id":3852,"date":"2023-12-18T16:37:22","date_gmt":"2023-12-18T15:37:22","guid":{"rendered":"https:\/\/copavisa.com\/index.php\/producto\/letrero-movil-feliz-cumpleaos-colores-rosaplataoroazulrojonegro\/"},"modified":"2026-04-16T11:44:31","modified_gmt":"2026-04-16T17:44:31","slug":"letrero-movil-feliz-cumpleaos-colores-rosaplataoroazulrojonegro","status":"publish","type":"product","link":"https:\/\/copavisa.com\/index.php\/producto\/letrero-movil-feliz-cumpleaos-colores-rosaplataoroazulrojonegro\/","title":{"rendered":"LETRERO M\u00d3VIL CUMPLEA\u00d1OS"},"content":{"rendered":"","protected":false},"excerpt":{"rendered":"<p>LETRERO M\u00d3VIL FELIZ CUMPLEA\u00d1OS COLORES ROSA, PLATA, ORO, AZUL, ROJO, NEGRO<\/p>\n","protected":false},"featured_media":3678,"comment_status":"open","ping_status":"closed","template":"","meta":[],"pwb-brand":[186],"product_brand":[],"product_cat":[181],"product_tag":[],"class_list":{"0":"post-3852","1":"product","2":"type-product","3":"status-publish","4":"has-post-thumbnail","6":"pwb-brand-globos","7":"product_cat-adornos","9":"first","10":"instock","11":"shipping-taxable","12":"product-type-simple"},"brands":[{"id":186,"name":"GLOBOS","slug":"globos"}],"_links":{"self":[{"href":"https:\/\/copavisa.com\/index.php\/wp-json\/wp\/v2\/product\/3852","targetHints":{"allow":["GET"]}}],"collection":[{"href":"https:\/\/copavisa.com\/index.php\/wp-json\/wp\/v2\/product"}],"about":[{"href":"https:\/\/copavisa.com\/index.php\/wp-json\/wp\/v2\/types\/product"}],"replies":[{"embeddable":true,"href":"https:\/\/copavisa.com\/index.php\/wp-json\/wp\/v2\/comments?post=3852"}],"wp:featuredmedia":[{"embeddable":true,"href":"https:\/\/copavisa.com\/index.php\/wp-json\/wp\/v2\/media\/3678"}],"wp:attachment":[{"href":"https:\/\/copavisa.com\/index.php\/wp-json\/wp\/v2\/media?parent=3852"}],"wp:term":[{"taxonomy":"pwb-brand","embeddable":true,"href":"https:\/\/copavisa.com\/index.php\/wp-json\/wp\/v2\/pwb-brand?post=3852"},{"taxonomy":"product_brand","embeddable":true,"href":"https:\/\/copavisa.com\/index.php\/wp-json\/wp\/v2\/product_brand?post=3852"},{"taxonomy":"product_cat","embeddable":true,"href":"https:\/\/copavisa.com\/index.php\/wp-json\/wp\/v2\/product_cat?post=3852"},{"taxonomy":"product_tag","embeddable":true,"href":"https:\/\/copavisa.com\/index.php\/wp-json\/wp\/v2\/product_tag?post=3852"}],"curies":[{"name":"wp","href":"https:\/\/api.w.org\/{rel}","templated":true}]}}