{"id":3901,"date":"2023-12-18T16:37:26","date_gmt":"2023-12-18T15:37:26","guid":{"rendered":"https:\/\/copavisa.com\/index.php\/producto\/globo-metalico-numero-9-32-81cm-negro\/"},"modified":"2026-04-23T12:04:00","modified_gmt":"2026-04-23T18:04:00","slug":"globo-metalico-numero-9-32-81cm-negro","status":"publish","type":"product","link":"https:\/\/copavisa.com\/index.php\/producto\/globo-metalico-numero-9-32-81cm-negro\/","title":{"rendered":"GLOBO MET\u00c1LICO N\u00daMERO 9 32&#8243; 81 CM NEGRO"},"content":{"rendered":"","protected":false},"excerpt":{"rendered":"<p>GLOBO MET\u00c1LICO N\u00daMERO 9 NEGRO 32&#8243; 81 CM<\/p>\n","protected":false},"featured_media":3728,"comment_status":"open","ping_status":"closed","template":"","meta":[],"pwb-brand":[186],"product_brand":[],"product_cat":[183],"product_tag":[],"class_list":{"0":"post-3901","1":"product","2":"type-product","3":"status-publish","4":"has-post-thumbnail","6":"pwb-brand-globos","7":"product_cat-globos","9":"first","10":"instock","11":"shipping-taxable","12":"product-type-simple"},"brands":[{"id":186,"name":"GLOBOS","slug":"globos"}],"_links":{"self":[{"href":"https:\/\/copavisa.com\/index.php\/wp-json\/wp\/v2\/product\/3901","targetHints":{"allow":["GET"]}}],"collection":[{"href":"https:\/\/copavisa.com\/index.php\/wp-json\/wp\/v2\/product"}],"about":[{"href":"https:\/\/copavisa.com\/index.php\/wp-json\/wp\/v2\/types\/product"}],"replies":[{"embeddable":true,"href":"https:\/\/copavisa.com\/index.php\/wp-json\/wp\/v2\/comments?post=3901"}],"wp:featuredmedia":[{"embeddable":true,"href":"https:\/\/copavisa.com\/index.php\/wp-json\/wp\/v2\/media\/3728"}],"wp:attachment":[{"href":"https:\/\/copavisa.com\/index.php\/wp-json\/wp\/v2\/media?parent=3901"}],"wp:term":[{"taxonomy":"pwb-brand","embeddable":true,"href":"https:\/\/copavisa.com\/index.php\/wp-json\/wp\/v2\/pwb-brand?post=3901"},{"taxonomy":"product_brand","embeddable":true,"href":"https:\/\/copavisa.com\/index.php\/wp-json\/wp\/v2\/product_brand?post=3901"},{"taxonomy":"product_cat","embeddable":true,"href":"https:\/\/copavisa.com\/index.php\/wp-json\/wp\/v2\/product_cat?post=3901"},{"taxonomy":"product_tag","embeddable":true,"href":"https:\/\/copavisa.com\/index.php\/wp-json\/wp\/v2\/product_tag?post=3901"}],"curies":[{"name":"wp","href":"https:\/\/api.w.org\/{rel}","templated":true}]}}