{"id":5128,"date":"2023-12-21T23:47:27","date_gmt":"2023-12-21T22:47:27","guid":{"rendered":"https:\/\/copavisa.com\/index.php\/producto\/dicc-norma-sinonimos-antonimos-50636-sec\/"},"modified":"2026-04-16T13:51:08","modified_gmt":"2026-04-16T19:51:08","slug":"diccionario-sinonimos-antonimos-2","status":"publish","type":"product","link":"https:\/\/copavisa.com\/index.php\/producto\/diccionario-sinonimos-antonimos-2\/","title":{"rendered":"DICCIONARIO SIN\u00d3NIMOS-ANT\u00d3NIMOS"},"content":{"rendered":"","protected":false},"excerpt":{"rendered":"<p>DICCIONARIO NORMA DE SIN\u00d3NIMOS-ANT\u00d3NIMOS SECUNDARIA 50636<\/p>\n","protected":false},"featured_media":5001,"comment_status":"open","ping_status":"closed","template":"","meta":[],"pwb-brand":[207],"product_brand":[],"product_cat":[48],"product_tag":[],"class_list":{"0":"post-5128","1":"product","2":"type-product","3":"status-publish","4":"has-post-thumbnail","6":"pwb-brand-norma","7":"product_cat-diccionarios","9":"first","10":"instock","11":"shipping-taxable","12":"product-type-simple"},"brands":[{"id":207,"name":"NORMA","slug":"norma"}],"_links":{"self":[{"href":"https:\/\/copavisa.com\/index.php\/wp-json\/wp\/v2\/product\/5128","targetHints":{"allow":["GET"]}}],"collection":[{"href":"https:\/\/copavisa.com\/index.php\/wp-json\/wp\/v2\/product"}],"about":[{"href":"https:\/\/copavisa.com\/index.php\/wp-json\/wp\/v2\/types\/product"}],"replies":[{"embeddable":true,"href":"https:\/\/copavisa.com\/index.php\/wp-json\/wp\/v2\/comments?post=5128"}],"wp:featuredmedia":[{"embeddable":true,"href":"https:\/\/copavisa.com\/index.php\/wp-json\/wp\/v2\/media\/5001"}],"wp:attachment":[{"href":"https:\/\/copavisa.com\/index.php\/wp-json\/wp\/v2\/media?parent=5128"}],"wp:term":[{"taxonomy":"pwb-brand","embeddable":true,"href":"https:\/\/copavisa.com\/index.php\/wp-json\/wp\/v2\/pwb-brand?post=5128"},{"taxonomy":"product_brand","embeddable":true,"href":"https:\/\/copavisa.com\/index.php\/wp-json\/wp\/v2\/product_brand?post=5128"},{"taxonomy":"product_cat","embeddable":true,"href":"https:\/\/copavisa.com\/index.php\/wp-json\/wp\/v2\/product_cat?post=5128"},{"taxonomy":"product_tag","embeddable":true,"href":"https:\/\/copavisa.com\/index.php\/wp-json\/wp\/v2\/product_tag?post=5128"}],"curies":[{"name":"wp","href":"https:\/\/api.w.org\/{rel}","templated":true}]}}