{"id":5617,"date":"2023-12-22T21:01:02","date_gmt":"2023-12-22T20:01:02","guid":{"rendered":"https:\/\/copavisa.com\/index.php\/producto\/lapiz-triangular-diseo-2hb-jumbo-c-2pz\/"},"modified":"2026-04-16T11:16:51","modified_gmt":"2026-04-16T17:16:51","slug":"lapiz-triangular-diseo-2hb-jumbo-c-2pz","status":"publish","type":"product","link":"https:\/\/copavisa.com\/index.php\/producto\/lapiz-triangular-diseo-2hb-jumbo-c-2pz\/","title":{"rendered":"L\u00c1PIZ TRIANGULAR JUMBO C\/2 PIEZAS"},"content":{"rendered":"","protected":false},"excerpt":{"rendered":"<p>L\u00c1PIZ TRIANGULAR 2 HB PELIKAN CON DISE\u00d1O TAMA\u00d1O JUMBO C\/2 PIEZAS<\/p>\n","protected":false},"featured_media":5473,"comment_status":"open","ping_status":"closed","template":"","meta":[],"pwb-brand":[211],"product_brand":[],"product_cat":[34],"product_tag":[],"class_list":{"0":"post-5617","1":"product","2":"type-product","3":"status-publish","4":"has-post-thumbnail","6":"pwb-brand-pelikan","7":"product_cat-lapices","9":"first","10":"instock","11":"shipping-taxable","12":"product-type-simple"},"brands":[{"id":211,"name":"PELIKAN","slug":"pelikan"}],"_links":{"self":[{"href":"https:\/\/copavisa.com\/index.php\/wp-json\/wp\/v2\/product\/5617","targetHints":{"allow":["GET"]}}],"collection":[{"href":"https:\/\/copavisa.com\/index.php\/wp-json\/wp\/v2\/product"}],"about":[{"href":"https:\/\/copavisa.com\/index.php\/wp-json\/wp\/v2\/types\/product"}],"replies":[{"embeddable":true,"href":"https:\/\/copavisa.com\/index.php\/wp-json\/wp\/v2\/comments?post=5617"}],"wp:featuredmedia":[{"embeddable":true,"href":"https:\/\/copavisa.com\/index.php\/wp-json\/wp\/v2\/media\/5473"}],"wp:attachment":[{"href":"https:\/\/copavisa.com\/index.php\/wp-json\/wp\/v2\/media?parent=5617"}],"wp:term":[{"taxonomy":"pwb-brand","embeddable":true,"href":"https:\/\/copavisa.com\/index.php\/wp-json\/wp\/v2\/pwb-brand?post=5617"},{"taxonomy":"product_brand","embeddable":true,"href":"https:\/\/copavisa.com\/index.php\/wp-json\/wp\/v2\/product_brand?post=5617"},{"taxonomy":"product_cat","embeddable":true,"href":"https:\/\/copavisa.com\/index.php\/wp-json\/wp\/v2\/product_cat?post=5617"},{"taxonomy":"product_tag","embeddable":true,"href":"https:\/\/copavisa.com\/index.php\/wp-json\/wp\/v2\/product_tag?post=5617"}],"curies":[{"name":"wp","href":"https:\/\/api.w.org\/{rel}","templated":true}]}}