{"id":5890,"date":"2023-12-23T18:45:01","date_gmt":"2023-12-23T17:45:01","guid":{"rendered":"https:\/\/copavisa.com\/index.php\/producto\/boligrafo-energel-bl437-e-cafe-0-7mm-retrac\/"},"modified":"2026-04-15T14:44:48","modified_gmt":"2026-04-15T20:44:48","slug":"boligrafo-energel-bl437-e-cafe-0-7mm-retrac","status":"publish","type":"product","link":"https:\/\/copavisa.com\/index.php\/producto\/boligrafo-energel-bl437-e-cafe-0-7mm-retrac\/","title":{"rendered":"BOL\u00cdGRAFO ENERGEL BL437-E CAF\u00c9 0.7MM RETR\u00c1CTIL"},"content":{"rendered":"","protected":false},"excerpt":{"rendered":"<p>BOL\u00cdGRAFO PENTEL ENERGEL CAF\u00c9 RETR\u00c1CTIL 0.7 MM BL437-E<\/p>\n","protected":false},"featured_media":5772,"comment_status":"open","ping_status":"closed","template":"","meta":[],"pwb-brand":[214],"product_brand":[],"product_cat":[28],"product_tag":[],"class_list":{"0":"post-5890","1":"product","2":"type-product","3":"status-publish","4":"has-post-thumbnail","6":"pwb-brand-pentel","7":"product_cat-boligrafos","9":"first","10":"instock","11":"shipping-taxable","12":"product-type-simple"},"brands":[{"id":214,"name":"PENTEL","slug":"pentel"}],"_links":{"self":[{"href":"https:\/\/copavisa.com\/index.php\/wp-json\/wp\/v2\/product\/5890","targetHints":{"allow":["GET"]}}],"collection":[{"href":"https:\/\/copavisa.com\/index.php\/wp-json\/wp\/v2\/product"}],"about":[{"href":"https:\/\/copavisa.com\/index.php\/wp-json\/wp\/v2\/types\/product"}],"replies":[{"embeddable":true,"href":"https:\/\/copavisa.com\/index.php\/wp-json\/wp\/v2\/comments?post=5890"}],"wp:featuredmedia":[{"embeddable":true,"href":"https:\/\/copavisa.com\/index.php\/wp-json\/wp\/v2\/media\/5772"}],"wp:attachment":[{"href":"https:\/\/copavisa.com\/index.php\/wp-json\/wp\/v2\/media?parent=5890"}],"wp:term":[{"taxonomy":"pwb-brand","embeddable":true,"href":"https:\/\/copavisa.com\/index.php\/wp-json\/wp\/v2\/pwb-brand?post=5890"},{"taxonomy":"product_brand","embeddable":true,"href":"https:\/\/copavisa.com\/index.php\/wp-json\/wp\/v2\/product_brand?post=5890"},{"taxonomy":"product_cat","embeddable":true,"href":"https:\/\/copavisa.com\/index.php\/wp-json\/wp\/v2\/product_cat?post=5890"},{"taxonomy":"product_tag","embeddable":true,"href":"https:\/\/copavisa.com\/index.php\/wp-json\/wp\/v2\/product_tag?post=5890"}],"curies":[{"name":"wp","href":"https:\/\/api.w.org\/{rel}","templated":true}]}}