{"id":5897,"date":"2023-12-23T18:45:02","date_gmt":"2023-12-23T17:45:02","guid":{"rendered":"https:\/\/copavisa.com\/index.php\/producto\/boligrafo-pentel-wow-gel-k437cr-d-verde-retr\/"},"modified":"2026-04-15T14:34:23","modified_gmt":"2026-04-15T20:34:23","slug":"boligrafo-pentel-wow-gel-k437cr-d-verde-retr","status":"publish","type":"product","link":"https:\/\/copavisa.com\/index.php\/producto\/boligrafo-pentel-wow-gel-k437cr-d-verde-retr\/","title":{"rendered":"BOL\u00cdGRAFO PENTEL WOW GEL K437CR-D VERDE RETR\u00c1CTIL"},"content":{"rendered":"","protected":false},"excerpt":{"rendered":"<p>BOL\u00cdGRAFO PENTEL WOW GEL VERDE RETR\u00c1CTIL <span style=\"font-size: inherit;\">0.7 MM K437CR-D\u00a0<\/span><\/p>\n","protected":false},"featured_media":5754,"comment_status":"open","ping_status":"closed","template":"","meta":[],"pwb-brand":[214],"product_brand":[],"product_cat":[28],"product_tag":[],"class_list":{"0":"post-5897","1":"product","2":"type-product","3":"status-publish","4":"has-post-thumbnail","6":"pwb-brand-pentel","7":"product_cat-boligrafos","9":"first","10":"instock","11":"shipping-taxable","12":"product-type-simple"},"brands":[{"id":214,"name":"PENTEL","slug":"pentel"}],"_links":{"self":[{"href":"https:\/\/copavisa.com\/index.php\/wp-json\/wp\/v2\/product\/5897","targetHints":{"allow":["GET"]}}],"collection":[{"href":"https:\/\/copavisa.com\/index.php\/wp-json\/wp\/v2\/product"}],"about":[{"href":"https:\/\/copavisa.com\/index.php\/wp-json\/wp\/v2\/types\/product"}],"replies":[{"embeddable":true,"href":"https:\/\/copavisa.com\/index.php\/wp-json\/wp\/v2\/comments?post=5897"}],"wp:featuredmedia":[{"embeddable":true,"href":"https:\/\/copavisa.com\/index.php\/wp-json\/wp\/v2\/media\/5754"}],"wp:attachment":[{"href":"https:\/\/copavisa.com\/index.php\/wp-json\/wp\/v2\/media?parent=5897"}],"wp:term":[{"taxonomy":"pwb-brand","embeddable":true,"href":"https:\/\/copavisa.com\/index.php\/wp-json\/wp\/v2\/pwb-brand?post=5897"},{"taxonomy":"product_brand","embeddable":true,"href":"https:\/\/copavisa.com\/index.php\/wp-json\/wp\/v2\/product_brand?post=5897"},{"taxonomy":"product_cat","embeddable":true,"href":"https:\/\/copavisa.com\/index.php\/wp-json\/wp\/v2\/product_cat?post=5897"},{"taxonomy":"product_tag","embeddable":true,"href":"https:\/\/copavisa.com\/index.php\/wp-json\/wp\/v2\/product_tag?post=5897"}],"curies":[{"name":"wp","href":"https:\/\/api.w.org\/{rel}","templated":true}]}}