{"id":6087,"date":"2023-12-26T16:44:39","date_gmt":"2023-12-26T15:44:39","guid":{"rendered":"https:\/\/copavisa.com\/index.php\/producto\/cera-liquida-negro-zapato-nio-uso-rudo\/"},"modified":"2026-04-16T11:14:20","modified_gmt":"2026-04-16T17:14:20","slug":"cera-liquida-uso-rudo-negroo","status":"publish","type":"product","link":"https:\/\/copavisa.com\/index.php\/producto\/cera-liquida-uso-rudo-negroo\/","title":{"rendered":"CERA L\u00cdQUIDA USO RUDO NEGRO"},"content":{"rendered":"","protected":false},"excerpt":{"rendered":"<p>CERA L\u00cdQUIDA PHILADELPHIA NEGRO PARA ZAPATO DE NI\u00d1O DE USO RUDO<\/p>\n","protected":false},"featured_media":6010,"comment_status":"open","ping_status":"closed","template":"","meta":[],"pwb-brand":[216],"product_brand":[],"product_cat":[215],"product_tag":[],"class_list":{"0":"post-6087","1":"product","2":"type-product","3":"status-publish","4":"has-post-thumbnail","6":"pwb-brand-philadelphia","7":"product_cat-cera-calzado","9":"first","10":"instock","11":"shipping-taxable","12":"product-type-simple"},"brands":[{"id":216,"name":"PHILADELPHIA","slug":"philadelphia"}],"_links":{"self":[{"href":"https:\/\/copavisa.com\/index.php\/wp-json\/wp\/v2\/product\/6087","targetHints":{"allow":["GET"]}}],"collection":[{"href":"https:\/\/copavisa.com\/index.php\/wp-json\/wp\/v2\/product"}],"about":[{"href":"https:\/\/copavisa.com\/index.php\/wp-json\/wp\/v2\/types\/product"}],"replies":[{"embeddable":true,"href":"https:\/\/copavisa.com\/index.php\/wp-json\/wp\/v2\/comments?post=6087"}],"wp:featuredmedia":[{"embeddable":true,"href":"https:\/\/copavisa.com\/index.php\/wp-json\/wp\/v2\/media\/6010"}],"wp:attachment":[{"href":"https:\/\/copavisa.com\/index.php\/wp-json\/wp\/v2\/media?parent=6087"}],"wp:term":[{"taxonomy":"pwb-brand","embeddable":true,"href":"https:\/\/copavisa.com\/index.php\/wp-json\/wp\/v2\/pwb-brand?post=6087"},{"taxonomy":"product_brand","embeddable":true,"href":"https:\/\/copavisa.com\/index.php\/wp-json\/wp\/v2\/product_brand?post=6087"},{"taxonomy":"product_cat","embeddable":true,"href":"https:\/\/copavisa.com\/index.php\/wp-json\/wp\/v2\/product_cat?post=6087"},{"taxonomy":"product_tag","embeddable":true,"href":"https:\/\/copavisa.com\/index.php\/wp-json\/wp\/v2\/product_tag?post=6087"}],"curies":[{"name":"wp","href":"https:\/\/api.w.org\/{rel}","templated":true}]}}