{"id":6129,"date":"2023-12-26T18:10:17","date_gmt":"2023-12-26T17:10:17","guid":{"rendered":"https:\/\/copavisa.com\/index.php\/producto\/calculadora-uladora-uladora-cientifica-10d-printaform-1595-56fu\/"},"modified":"2026-04-28T10:17:56","modified_gmt":"2026-04-28T16:17:56","slug":"calculadora-cientifica-10d-2","status":"publish","type":"product","link":"https:\/\/copavisa.com\/index.php\/producto\/calculadora-cientifica-10d-2\/","title":{"rendered":"CALCULADORA CIENT\u00cdFICA 8 D\u00cdGITOS"},"content":{"rendered":"","protected":false},"excerpt":{"rendered":"<p>CALCULADORA PRINTAFORM DE 8 D\u00cdGITOS 1528 AZUL\/NEGRO<\/p>\n","protected":false},"featured_media":6089,"comment_status":"open","ping_status":"closed","template":"","meta":[],"pwb-brand":[217],"product_brand":[],"product_cat":[47],"product_tag":[],"class_list":{"0":"post-6129","1":"product","2":"type-product","3":"status-publish","4":"has-post-thumbnail","6":"pwb-brand-printaform","7":"product_cat-calculadoras","9":"first","10":"instock","11":"shipping-taxable","12":"product-type-simple"},"brands":[{"id":217,"name":"PRINTAFORM","slug":"printaform"}],"_links":{"self":[{"href":"https:\/\/copavisa.com\/index.php\/wp-json\/wp\/v2\/product\/6129","targetHints":{"allow":["GET"]}}],"collection":[{"href":"https:\/\/copavisa.com\/index.php\/wp-json\/wp\/v2\/product"}],"about":[{"href":"https:\/\/copavisa.com\/index.php\/wp-json\/wp\/v2\/types\/product"}],"replies":[{"embeddable":true,"href":"https:\/\/copavisa.com\/index.php\/wp-json\/wp\/v2\/comments?post=6129"}],"wp:featuredmedia":[{"embeddable":true,"href":"https:\/\/copavisa.com\/index.php\/wp-json\/wp\/v2\/media\/6089"}],"wp:attachment":[{"href":"https:\/\/copavisa.com\/index.php\/wp-json\/wp\/v2\/media?parent=6129"}],"wp:term":[{"taxonomy":"pwb-brand","embeddable":true,"href":"https:\/\/copavisa.com\/index.php\/wp-json\/wp\/v2\/pwb-brand?post=6129"},{"taxonomy":"product_brand","embeddable":true,"href":"https:\/\/copavisa.com\/index.php\/wp-json\/wp\/v2\/product_brand?post=6129"},{"taxonomy":"product_cat","embeddable":true,"href":"https:\/\/copavisa.com\/index.php\/wp-json\/wp\/v2\/product_cat?post=6129"},{"taxonomy":"product_tag","embeddable":true,"href":"https:\/\/copavisa.com\/index.php\/wp-json\/wp\/v2\/product_tag?post=6129"}],"curies":[{"name":"wp","href":"https:\/\/api.w.org\/{rel}","templated":true}]}}