{"id":6130,"date":"2023-12-26T18:10:17","date_gmt":"2023-12-26T17:10:17","guid":{"rendered":"https:\/\/copavisa.com\/index.php\/producto\/calculadora-uladora-uladora-cientifica-printaform-1599-240funci\/"},"modified":"2026-04-28T10:20:20","modified_gmt":"2026-04-28T16:20:20","slug":"calculadora-cientifica-printaform","status":"publish","type":"product","link":"https:\/\/copavisa.com\/index.php\/producto\/calculadora-cientifica-printaform\/","title":{"rendered":"CALCULADORA CIENT\u00cdFICA PRINTAFORM"},"content":{"rendered":"","protected":false},"excerpt":{"rendered":"<p>CALCULADORA CIENT\u00cdFICA PRINTAFORM DE 10 D\u00cdGITOS 1595 56FU<\/p>\n","protected":false},"featured_media":6090,"comment_status":"open","ping_status":"closed","template":"","meta":[],"pwb-brand":[217],"product_brand":[],"product_cat":[47],"product_tag":[],"class_list":{"0":"post-6130","1":"product","2":"type-product","3":"status-publish","4":"has-post-thumbnail","6":"pwb-brand-printaform","7":"product_cat-calculadoras","9":"first","10":"instock","11":"shipping-taxable","12":"product-type-simple"},"brands":[{"id":217,"name":"PRINTAFORM","slug":"printaform"}],"_links":{"self":[{"href":"https:\/\/copavisa.com\/index.php\/wp-json\/wp\/v2\/product\/6130","targetHints":{"allow":["GET"]}}],"collection":[{"href":"https:\/\/copavisa.com\/index.php\/wp-json\/wp\/v2\/product"}],"about":[{"href":"https:\/\/copavisa.com\/index.php\/wp-json\/wp\/v2\/types\/product"}],"replies":[{"embeddable":true,"href":"https:\/\/copavisa.com\/index.php\/wp-json\/wp\/v2\/comments?post=6130"}],"wp:featuredmedia":[{"embeddable":true,"href":"https:\/\/copavisa.com\/index.php\/wp-json\/wp\/v2\/media\/6090"}],"wp:attachment":[{"href":"https:\/\/copavisa.com\/index.php\/wp-json\/wp\/v2\/media?parent=6130"}],"wp:term":[{"taxonomy":"pwb-brand","embeddable":true,"href":"https:\/\/copavisa.com\/index.php\/wp-json\/wp\/v2\/pwb-brand?post=6130"},{"taxonomy":"product_brand","embeddable":true,"href":"https:\/\/copavisa.com\/index.php\/wp-json\/wp\/v2\/product_brand?post=6130"},{"taxonomy":"product_cat","embeddable":true,"href":"https:\/\/copavisa.com\/index.php\/wp-json\/wp\/v2\/product_cat?post=6130"},{"taxonomy":"product_tag","embeddable":true,"href":"https:\/\/copavisa.com\/index.php\/wp-json\/wp\/v2\/product_tag?post=6130"}],"curies":[{"name":"wp","href":"https:\/\/api.w.org\/{rel}","templated":true}]}}