{"id":6963,"date":"2024-07-11T17:46:01","date_gmt":"2024-07-11T23:46:01","guid":{"rendered":"https:\/\/copavisa.com\/index.php\/producto\/compas-barrilito-s010\/"},"modified":"2026-04-16T15:24:37","modified_gmt":"2026-04-16T21:24:37","slug":"compas-barrilito-s010","status":"publish","type":"product","link":"https:\/\/copavisa.com\/index.php\/producto\/compas-barrilito-s010\/","title":{"rendered":"COMP\u00c1S BARRILITO S010"},"content":{"rendered":"","protected":false},"excerpt":{"rendered":"<p>COMP\u00c1S PARA PIZARR\u00d3N BARRILITO AMARILLO S010<\/p>\n","protected":false},"featured_media":6970,"comment_status":"open","ping_status":"closed","template":"","meta":[],"pwb-brand":[27],"product_brand":[],"product_cat":[137],"product_tag":[],"class_list":{"0":"post-6963","1":"product","2":"type-product","3":"status-publish","4":"has-post-thumbnail","6":"pwb-brand-barrilito","7":"product_cat-compas","9":"first","10":"instock","11":"shipping-taxable","12":"product-type-simple"},"brands":[{"id":27,"name":"BARRILITO","slug":"barrilito"}],"_links":{"self":[{"href":"https:\/\/copavisa.com\/index.php\/wp-json\/wp\/v2\/product\/6963","targetHints":{"allow":["GET"]}}],"collection":[{"href":"https:\/\/copavisa.com\/index.php\/wp-json\/wp\/v2\/product"}],"about":[{"href":"https:\/\/copavisa.com\/index.php\/wp-json\/wp\/v2\/types\/product"}],"replies":[{"embeddable":true,"href":"https:\/\/copavisa.com\/index.php\/wp-json\/wp\/v2\/comments?post=6963"}],"wp:featuredmedia":[{"embeddable":true,"href":"https:\/\/copavisa.com\/index.php\/wp-json\/wp\/v2\/media\/6970"}],"wp:attachment":[{"href":"https:\/\/copavisa.com\/index.php\/wp-json\/wp\/v2\/media?parent=6963"}],"wp:term":[{"taxonomy":"pwb-brand","embeddable":true,"href":"https:\/\/copavisa.com\/index.php\/wp-json\/wp\/v2\/pwb-brand?post=6963"},{"taxonomy":"product_brand","embeddable":true,"href":"https:\/\/copavisa.com\/index.php\/wp-json\/wp\/v2\/product_brand?post=6963"},{"taxonomy":"product_cat","embeddable":true,"href":"https:\/\/copavisa.com\/index.php\/wp-json\/wp\/v2\/product_cat?post=6963"},{"taxonomy":"product_tag","embeddable":true,"href":"https:\/\/copavisa.com\/index.php\/wp-json\/wp\/v2\/product_tag?post=6963"}],"curies":[{"name":"wp","href":"https:\/\/api.w.org\/{rel}","templated":true}]}}