{"id":6964,"date":"2024-07-11T17:46:01","date_gmt":"2024-07-11T23:46:01","guid":{"rendered":"https:\/\/copavisa.com\/index.php\/producto\/compas-de-precision-cdb115\/"},"modified":"2026-04-16T15:27:48","modified_gmt":"2026-04-16T21:27:48","slug":"compas-de-precision-cdb115","status":"publish","type":"product","link":"https:\/\/copavisa.com\/index.php\/producto\/compas-de-precision-cdb115\/","title":{"rendered":"COMP\u00c1S DE PRECISI\u00d3N CDB115"},"content":{"rendered":"","protected":false},"excerpt":{"rendered":"<p>COMP\u00c1S DE BRAZO CORTO DELTA CDB115<\/p>\n","protected":false},"featured_media":6971,"comment_status":"open","ping_status":"closed","template":"","meta":[],"pwb-brand":[27],"product_brand":[],"product_cat":[137],"product_tag":[],"class_list":{"0":"post-6964","1":"product","2":"type-product","3":"status-publish","4":"has-post-thumbnail","6":"pwb-brand-barrilito","7":"product_cat-compas","9":"first","10":"instock","11":"shipping-taxable","12":"product-type-simple"},"brands":[{"id":27,"name":"BARRILITO","slug":"barrilito"}],"_links":{"self":[{"href":"https:\/\/copavisa.com\/index.php\/wp-json\/wp\/v2\/product\/6964","targetHints":{"allow":["GET"]}}],"collection":[{"href":"https:\/\/copavisa.com\/index.php\/wp-json\/wp\/v2\/product"}],"about":[{"href":"https:\/\/copavisa.com\/index.php\/wp-json\/wp\/v2\/types\/product"}],"replies":[{"embeddable":true,"href":"https:\/\/copavisa.com\/index.php\/wp-json\/wp\/v2\/comments?post=6964"}],"wp:featuredmedia":[{"embeddable":true,"href":"https:\/\/copavisa.com\/index.php\/wp-json\/wp\/v2\/media\/6971"}],"wp:attachment":[{"href":"https:\/\/copavisa.com\/index.php\/wp-json\/wp\/v2\/media?parent=6964"}],"wp:term":[{"taxonomy":"pwb-brand","embeddable":true,"href":"https:\/\/copavisa.com\/index.php\/wp-json\/wp\/v2\/pwb-brand?post=6964"},{"taxonomy":"product_brand","embeddable":true,"href":"https:\/\/copavisa.com\/index.php\/wp-json\/wp\/v2\/product_brand?post=6964"},{"taxonomy":"product_cat","embeddable":true,"href":"https:\/\/copavisa.com\/index.php\/wp-json\/wp\/v2\/product_cat?post=6964"},{"taxonomy":"product_tag","embeddable":true,"href":"https:\/\/copavisa.com\/index.php\/wp-json\/wp\/v2\/product_tag?post=6964"}],"curies":[{"name":"wp","href":"https:\/\/api.w.org\/{rel}","templated":true}]}}