{"id":6965,"date":"2024-07-11T17:46:02","date_gmt":"2024-07-11T23:46:02","guid":{"rendered":"https:\/\/copavisa.com\/index.php\/producto\/compas-delta-precision\/"},"modified":"2026-04-16T14:58:34","modified_gmt":"2026-04-16T20:58:34","slug":"compas-delta-precision","status":"publish","type":"product","link":"https:\/\/copavisa.com\/index.php\/producto\/compas-delta-precision\/","title":{"rendered":"COMP\u00c1S DELTA PRECISI\u00d3N"},"content":{"rendered":"","protected":false},"excerpt":{"rendered":"<p>COMP\u00c1S DELTA DE PRECISI\u00d3N BRAZO LARGO CDB165<\/p>\n","protected":false},"featured_media":6972,"comment_status":"open","ping_status":"closed","template":"","meta":[],"pwb-brand":[27],"product_brand":[],"product_cat":[137],"product_tag":[],"class_list":{"0":"post-6965","1":"product","2":"type-product","3":"status-publish","4":"has-post-thumbnail","6":"pwb-brand-barrilito","7":"product_cat-compas","9":"first","10":"instock","11":"shipping-taxable","12":"product-type-simple"},"brands":[{"id":27,"name":"BARRILITO","slug":"barrilito"}],"_links":{"self":[{"href":"https:\/\/copavisa.com\/index.php\/wp-json\/wp\/v2\/product\/6965","targetHints":{"allow":["GET"]}}],"collection":[{"href":"https:\/\/copavisa.com\/index.php\/wp-json\/wp\/v2\/product"}],"about":[{"href":"https:\/\/copavisa.com\/index.php\/wp-json\/wp\/v2\/types\/product"}],"replies":[{"embeddable":true,"href":"https:\/\/copavisa.com\/index.php\/wp-json\/wp\/v2\/comments?post=6965"}],"wp:featuredmedia":[{"embeddable":true,"href":"https:\/\/copavisa.com\/index.php\/wp-json\/wp\/v2\/media\/6972"}],"wp:attachment":[{"href":"https:\/\/copavisa.com\/index.php\/wp-json\/wp\/v2\/media?parent=6965"}],"wp:term":[{"taxonomy":"pwb-brand","embeddable":true,"href":"https:\/\/copavisa.com\/index.php\/wp-json\/wp\/v2\/pwb-brand?post=6965"},{"taxonomy":"product_brand","embeddable":true,"href":"https:\/\/copavisa.com\/index.php\/wp-json\/wp\/v2\/product_brand?post=6965"},{"taxonomy":"product_cat","embeddable":true,"href":"https:\/\/copavisa.com\/index.php\/wp-json\/wp\/v2\/product_cat?post=6965"},{"taxonomy":"product_tag","embeddable":true,"href":"https:\/\/copavisa.com\/index.php\/wp-json\/wp\/v2\/product_tag?post=6965"}],"curies":[{"name":"wp","href":"https:\/\/api.w.org\/{rel}","templated":true}]}}