{"id":7281,"date":"2024-07-15T10:19:15","date_gmt":"2024-07-15T16:19:15","guid":{"rendered":"https:\/\/copavisa.com\/index.php\/producto\/calculadora-10-dig-sc500\/"},"modified":"2026-04-16T10:48:52","modified_gmt":"2026-04-16T16:48:52","slug":"calculadora-10-dig-sc500","status":"publish","type":"product","link":"https:\/\/copavisa.com\/index.php\/producto\/calculadora-10-dig-sc500\/","title":{"rendered":"CALCULADORA 10 D\u00cdGITOS SC500"},"content":{"rendered":"","protected":false},"excerpt":{"rendered":"<p>CALCULADORA CIENT\u00cdFICA BARRILITO CON TAPA PL\u00c1STICA DE 136 FUNCIONES 7&#215;15 CM APROXIMADAMENTE SC500<\/p>\n","protected":false},"featured_media":6936,"comment_status":"open","ping_status":"closed","template":"","meta":[],"pwb-brand":[27],"product_brand":[],"product_cat":[47],"product_tag":[],"class_list":{"0":"post-7281","1":"product","2":"type-product","3":"status-publish","4":"has-post-thumbnail","6":"pwb-brand-barrilito","7":"product_cat-calculadoras","9":"first","10":"instock","11":"shipping-taxable","12":"product-type-simple"},"brands":[{"id":27,"name":"BARRILITO","slug":"barrilito"}],"_links":{"self":[{"href":"https:\/\/copavisa.com\/index.php\/wp-json\/wp\/v2\/product\/7281","targetHints":{"allow":["GET"]}}],"collection":[{"href":"https:\/\/copavisa.com\/index.php\/wp-json\/wp\/v2\/product"}],"about":[{"href":"https:\/\/copavisa.com\/index.php\/wp-json\/wp\/v2\/types\/product"}],"replies":[{"embeddable":true,"href":"https:\/\/copavisa.com\/index.php\/wp-json\/wp\/v2\/comments?post=7281"}],"wp:featuredmedia":[{"embeddable":true,"href":"https:\/\/copavisa.com\/index.php\/wp-json\/wp\/v2\/media\/6936"}],"wp:attachment":[{"href":"https:\/\/copavisa.com\/index.php\/wp-json\/wp\/v2\/media?parent=7281"}],"wp:term":[{"taxonomy":"pwb-brand","embeddable":true,"href":"https:\/\/copavisa.com\/index.php\/wp-json\/wp\/v2\/pwb-brand?post=7281"},{"taxonomy":"product_brand","embeddable":true,"href":"https:\/\/copavisa.com\/index.php\/wp-json\/wp\/v2\/product_brand?post=7281"},{"taxonomy":"product_cat","embeddable":true,"href":"https:\/\/copavisa.com\/index.php\/wp-json\/wp\/v2\/product_cat?post=7281"},{"taxonomy":"product_tag","embeddable":true,"href":"https:\/\/copavisa.com\/index.php\/wp-json\/wp\/v2\/product_tag?post=7281"}],"curies":[{"name":"wp","href":"https:\/\/api.w.org\/{rel}","templated":true}]}}