{"id":7292,"date":"2024-07-15T10:19:21","date_gmt":"2024-07-15T16:19:21","guid":{"rendered":"https:\/\/copavisa.com\/index.php\/producto\/papel-fluorescente-y-pastel\/"},"modified":"2026-04-16T10:34:45","modified_gmt":"2026-04-16T16:34:45","slug":"papel-fluorescente-y-pastel","status":"publish","type":"product","link":"https:\/\/copavisa.com\/index.php\/producto\/papel-fluorescente-y-pastel\/","title":{"rendered":"PAPEL FLUORESCENTE Y EST\u00c1NDAR MIX"},"content":{"rendered":"","protected":false},"excerpt":{"rendered":"<p>PAPEL FLUORESCENTE Y EST\u00c1NDAR MIX BARRILITO TAMA\u00d1O CARTA DE 10 COLORES SURTIDOS PARA IMPRESI\u00d3N ARTE Y MANUALIDADES C\/100 PIEZAS PFL100<\/p>\n","protected":false},"featured_media":7212,"comment_status":"open","ping_status":"closed","template":"","meta":[],"pwb-brand":[27],"product_brand":[],"product_cat":[21],"product_tag":[],"class_list":{"0":"post-7292","1":"product","2":"type-product","3":"status-publish","4":"has-post-thumbnail","6":"pwb-brand-barrilito","7":"product_cat-papel","9":"first","10":"instock","11":"shipping-taxable","12":"product-type-simple"},"brands":[{"id":27,"name":"BARRILITO","slug":"barrilito"}],"_links":{"self":[{"href":"https:\/\/copavisa.com\/index.php\/wp-json\/wp\/v2\/product\/7292","targetHints":{"allow":["GET"]}}],"collection":[{"href":"https:\/\/copavisa.com\/index.php\/wp-json\/wp\/v2\/product"}],"about":[{"href":"https:\/\/copavisa.com\/index.php\/wp-json\/wp\/v2\/types\/product"}],"replies":[{"embeddable":true,"href":"https:\/\/copavisa.com\/index.php\/wp-json\/wp\/v2\/comments?post=7292"}],"wp:featuredmedia":[{"embeddable":true,"href":"https:\/\/copavisa.com\/index.php\/wp-json\/wp\/v2\/media\/7212"}],"wp:attachment":[{"href":"https:\/\/copavisa.com\/index.php\/wp-json\/wp\/v2\/media?parent=7292"}],"wp:term":[{"taxonomy":"pwb-brand","embeddable":true,"href":"https:\/\/copavisa.com\/index.php\/wp-json\/wp\/v2\/pwb-brand?post=7292"},{"taxonomy":"product_brand","embeddable":true,"href":"https:\/\/copavisa.com\/index.php\/wp-json\/wp\/v2\/product_brand?post=7292"},{"taxonomy":"product_cat","embeddable":true,"href":"https:\/\/copavisa.com\/index.php\/wp-json\/wp\/v2\/product_cat?post=7292"},{"taxonomy":"product_tag","embeddable":true,"href":"https:\/\/copavisa.com\/index.php\/wp-json\/wp\/v2\/product_tag?post=7292"}],"curies":[{"name":"wp","href":"https:\/\/api.w.org\/{rel}","templated":true}]}}