{"id":7378,"date":"2024-07-15T10:20:12","date_gmt":"2024-07-15T16:20:12","guid":{"rendered":"https:\/\/copavisa.com\/index.php\/producto\/equipo-geomtrico-8033jgf\/"},"modified":"2026-04-16T09:09:21","modified_gmt":"2026-04-16T15:09:21","slug":"equipo-geomtrico-8033jgf","status":"publish","type":"product","link":"https:\/\/copavisa.com\/index.php\/producto\/equipo-geomtrico-8033jgf\/","title":{"rendered":"EQUIPO GEOM\u00c9TRICO 8033JGF"},"content":{"rendered":"","protected":false},"excerpt":{"rendered":"<p>EQUIPO GE\u00d3METRICO FLEXIBLE BARRILITO CON 5 PIEZAS (REGLA DE 30 CM, ESCUADRAS DE 45 CM Y 30 CM TRANSPORTADOR Y COMP\u00c1S) 8033JGF<\/p>\n","protected":false},"featured_media":7083,"comment_status":"open","ping_status":"closed","template":"","meta":[],"pwb-brand":[27],"product_brand":[],"product_cat":[49],"product_tag":[],"class_list":{"0":"post-7378","1":"product","2":"type-product","3":"status-publish","4":"has-post-thumbnail","6":"pwb-brand-barrilito","7":"product_cat-equipos-de-geometria","9":"first","10":"instock","11":"shipping-taxable","12":"product-type-simple"},"brands":[{"id":27,"name":"BARRILITO","slug":"barrilito"}],"_links":{"self":[{"href":"https:\/\/copavisa.com\/index.php\/wp-json\/wp\/v2\/product\/7378","targetHints":{"allow":["GET"]}}],"collection":[{"href":"https:\/\/copavisa.com\/index.php\/wp-json\/wp\/v2\/product"}],"about":[{"href":"https:\/\/copavisa.com\/index.php\/wp-json\/wp\/v2\/types\/product"}],"replies":[{"embeddable":true,"href":"https:\/\/copavisa.com\/index.php\/wp-json\/wp\/v2\/comments?post=7378"}],"wp:featuredmedia":[{"embeddable":true,"href":"https:\/\/copavisa.com\/index.php\/wp-json\/wp\/v2\/media\/7083"}],"wp:attachment":[{"href":"https:\/\/copavisa.com\/index.php\/wp-json\/wp\/v2\/media?parent=7378"}],"wp:term":[{"taxonomy":"pwb-brand","embeddable":true,"href":"https:\/\/copavisa.com\/index.php\/wp-json\/wp\/v2\/pwb-brand?post=7378"},{"taxonomy":"product_brand","embeddable":true,"href":"https:\/\/copavisa.com\/index.php\/wp-json\/wp\/v2\/product_brand?post=7378"},{"taxonomy":"product_cat","embeddable":true,"href":"https:\/\/copavisa.com\/index.php\/wp-json\/wp\/v2\/product_cat?post=7378"},{"taxonomy":"product_tag","embeddable":true,"href":"https:\/\/copavisa.com\/index.php\/wp-json\/wp\/v2\/product_tag?post=7378"}],"curies":[{"name":"wp","href":"https:\/\/api.w.org\/{rel}","templated":true}]}}