{"id":7900,"date":"2024-07-19T12:53:16","date_gmt":"2024-07-19T18:53:16","guid":{"rendered":"https:\/\/copavisa.com\/index.php\/producto\/diccionario-pocket-francs-espaol\/"},"modified":"2026-04-15T16:54:30","modified_gmt":"2026-04-15T22:54:30","slug":"diccionario-pocket-francs-espaol","status":"publish","type":"product","link":"https:\/\/copavisa.com\/index.php\/producto\/diccionario-pocket-francs-espaol\/","title":{"rendered":"DICCIONARIO POCKET FRANC\u00c9S-ESPA\u00d1OL"},"content":{"rendered":"","protected":false},"excerpt":{"rendered":"<p>DICCIONARIO POCKET FRANC\u00c9S-ESPA\u00d1OL (FRAN\u00c7AIS\/ESPAGNOL) NIVEL INTERMEDIO\/B\u00c1SICO M\u00c1S DE 80 000 TRADUCCIONES (1430)<\/p>\n","protected":false},"featured_media":7846,"comment_status":"open","ping_status":"closed","template":"","meta":[],"pwb-brand":[253],"product_brand":[],"product_cat":[48],"product_tag":[],"class_list":{"0":"post-7900","1":"product","2":"type-product","3":"status-publish","4":"has-post-thumbnail","6":"pwb-brand-larousse","7":"product_cat-diccionarios","9":"first","10":"instock","11":"shipping-taxable","12":"product-type-simple"},"brands":[{"id":253,"name":"LAROUSSE","slug":"larousse"}],"_links":{"self":[{"href":"https:\/\/copavisa.com\/index.php\/wp-json\/wp\/v2\/product\/7900","targetHints":{"allow":["GET"]}}],"collection":[{"href":"https:\/\/copavisa.com\/index.php\/wp-json\/wp\/v2\/product"}],"about":[{"href":"https:\/\/copavisa.com\/index.php\/wp-json\/wp\/v2\/types\/product"}],"replies":[{"embeddable":true,"href":"https:\/\/copavisa.com\/index.php\/wp-json\/wp\/v2\/comments?post=7900"}],"wp:featuredmedia":[{"embeddable":true,"href":"https:\/\/copavisa.com\/index.php\/wp-json\/wp\/v2\/media\/7846"}],"wp:attachment":[{"href":"https:\/\/copavisa.com\/index.php\/wp-json\/wp\/v2\/media?parent=7900"}],"wp:term":[{"taxonomy":"pwb-brand","embeddable":true,"href":"https:\/\/copavisa.com\/index.php\/wp-json\/wp\/v2\/pwb-brand?post=7900"},{"taxonomy":"product_brand","embeddable":true,"href":"https:\/\/copavisa.com\/index.php\/wp-json\/wp\/v2\/product_brand?post=7900"},{"taxonomy":"product_cat","embeddable":true,"href":"https:\/\/copavisa.com\/index.php\/wp-json\/wp\/v2\/product_cat?post=7900"},{"taxonomy":"product_tag","embeddable":true,"href":"https:\/\/copavisa.com\/index.php\/wp-json\/wp\/v2\/product_tag?post=7900"}],"curies":[{"name":"wp","href":"https:\/\/api.w.org\/{rel}","templated":true}]}}