{"id":7901,"date":"2024-07-19T12:53:17","date_gmt":"2024-07-19T18:53:17","guid":{"rendered":"https:\/\/copavisa.com\/index.php\/producto\/diccionario-sinonimos-antonimos\/"},"modified":"2026-04-15T16:47:52","modified_gmt":"2026-04-15T22:47:52","slug":"diccionario-sinonimos-antonimos","status":"publish","type":"product","link":"https:\/\/copavisa.com\/index.php\/producto\/diccionario-sinonimos-antonimos\/","title":{"rendered":"DICCIONARIO SIN\u00d3NIMOS-ANT\u00d3NIMOS"},"content":{"rendered":"","protected":false},"excerpt":{"rendered":"<p>DICCIONARIO SIN\u00d3NIMOS-ANT\u00d3NIMOS E IDEAS AFINES CON 110 000 SIN\u00d3NIMOS Y 18 000 ANT\u00d3NIMOS (1210)<\/p>\n","protected":false},"featured_media":7847,"comment_status":"open","ping_status":"closed","template":"","meta":[],"pwb-brand":[253],"product_brand":[],"product_cat":[48],"product_tag":[],"class_list":{"0":"post-7901","1":"product","2":"type-product","3":"status-publish","4":"has-post-thumbnail","6":"pwb-brand-larousse","7":"product_cat-diccionarios","9":"first","10":"instock","11":"shipping-taxable","12":"product-type-simple"},"brands":[{"id":253,"name":"LAROUSSE","slug":"larousse"}],"_links":{"self":[{"href":"https:\/\/copavisa.com\/index.php\/wp-json\/wp\/v2\/product\/7901","targetHints":{"allow":["GET"]}}],"collection":[{"href":"https:\/\/copavisa.com\/index.php\/wp-json\/wp\/v2\/product"}],"about":[{"href":"https:\/\/copavisa.com\/index.php\/wp-json\/wp\/v2\/types\/product"}],"replies":[{"embeddable":true,"href":"https:\/\/copavisa.com\/index.php\/wp-json\/wp\/v2\/comments?post=7901"}],"wp:featuredmedia":[{"embeddable":true,"href":"https:\/\/copavisa.com\/index.php\/wp-json\/wp\/v2\/media\/7847"}],"wp:attachment":[{"href":"https:\/\/copavisa.com\/index.php\/wp-json\/wp\/v2\/media?parent=7901"}],"wp:term":[{"taxonomy":"pwb-brand","embeddable":true,"href":"https:\/\/copavisa.com\/index.php\/wp-json\/wp\/v2\/pwb-brand?post=7901"},{"taxonomy":"product_brand","embeddable":true,"href":"https:\/\/copavisa.com\/index.php\/wp-json\/wp\/v2\/product_brand?post=7901"},{"taxonomy":"product_cat","embeddable":true,"href":"https:\/\/copavisa.com\/index.php\/wp-json\/wp\/v2\/product_cat?post=7901"},{"taxonomy":"product_tag","embeddable":true,"href":"https:\/\/copavisa.com\/index.php\/wp-json\/wp\/v2\/product_tag?post=7901"}],"curies":[{"name":"wp","href":"https:\/\/api.w.org\/{rel}","templated":true}]}}